{"id":6,"date":"2026-01-09T07:44:38","date_gmt":"2026-01-09T07:44:38","guid":{"rendered":"http:\/\/www.dolor.com.mx\/clinica-del-dolor-morelia\/?page_id=6"},"modified":"2026-03-30T23:32:36","modified_gmt":"2026-03-30T23:32:36","slug":"dr-jorge-manuel-rivera-ruiz-especialista-en-medicina-del-dolor-en-morelia","status":"publish","type":"page","link":"https:\/\/www.dolor.com.mx\/clinica-del-dolor-morelia\/dr-jorge-manuel-rivera-ruiz-especialista-en-medicina-del-dolor-en-morelia\/","title":{"rendered":"Alg\u00f3logo en Morelia"},"content":{"rendered":"\n<div class=\"wp-block-cover alignfull is-light has-contrast-color has-text-color has-link-color wp-elements-5bf338845c225810545c68ee54f14711\" style=\"margin-top:0;margin-bottom:0;padding-top:var(--wp--preset--spacing--60);padding-right:var(--wp--preset--spacing--50);padding-bottom:var(--wp--preset--spacing--60);padding-left:var(--wp--preset--spacing--50);min-height:6298px;aspect-ratio:unset;\"><span aria-hidden=\"true\" class=\"wp-block-cover__background has-base-background-color has-background-dim-100 has-background-dim\"><\/span><div class=\"wp-block-cover__inner-container has-global-padding is-layout-constrained wp-container-core-cover-is-layout-873ee6b1 wp-block-cover-is-layout-constrained\">\n<div class=\"wp-block-columns alignwide is-layout-flex wp-container-core-columns-is-layout-7ee84d44 wp-block-columns-is-layout-flex\">\n<div class=\"wp-block-column is-layout-flow wp-block-column-is-layout-flow\" style=\"flex-basis:65%\">\n<div class=\"wp-block-group is-vertical is-content-justification-stretch is-layout-flex wp-container-core-group-is-layout-353c4f5a wp-block-group-is-layout-flex\">\n<h2 class=\"wp-block-heading has-text-align-left\" style=\"font-size:clamp(8.042rem, 8.042rem + ((1vw - 0.2rem) * 21.895), 22rem);font-style:normal;font-weight:300;letter-spacing:-0.03em;line-height:1.4\"><\/h2>\n\n\n\n<p class=\"is-style-text-subtitle is-style-text-subtitle--1\">Soy M\u00e9dico Anestesi\u00f3logo con subespecialidad en Medicina del Dolor (Alg\u00f3logo), Intervencionismo y Cuidados Paliativos.<\/p>\n\n\n\n<figure class=\"wp-block-image size-large\"><img loading=\"lazy\" decoding=\"async\" width=\"768\" height=\"1024\" src=\"https:\/\/www.dolor.com.mx\/clinica-del-dolor-morelia\/wp-content\/uploads\/2026\/01\/1000167508-768x1024.jpg\" alt=\"\" class=\"wp-image-8\" srcset=\"https:\/\/www.dolor.com.mx\/clinica-del-dolor-morelia\/wp-content\/uploads\/2026\/01\/1000167508-768x1024.jpg 768w, https:\/\/www.dolor.com.mx\/clinica-del-dolor-morelia\/wp-content\/uploads\/2026\/01\/1000167508-225x300.jpg 225w, https:\/\/www.dolor.com.mx\/clinica-del-dolor-morelia\/wp-content\/uploads\/2026\/01\/1000167508-1152x1536.jpg 1152w, https:\/\/www.dolor.com.mx\/clinica-del-dolor-morelia\/wp-content\/uploads\/2026\/01\/1000167508.jpg 1200w\" sizes=\"auto, (max-width: 768px) 100vw, 768px\" \/><\/figure>\n\n\n\n<p class=\"is-style-text-subtitle is-style-text-subtitle--2\">Mi misi\u00f3n en <strong>Morelia, Michoac\u00e1n<\/strong>, es ayudar a las personas a recuperar su calidad de vida cuando el dolor parece haberlo detenido todo. He dedicado m\u00e1s de <strong>7 a\u00f1os al estudio y tratamiento especializado del dolor<\/strong>, manteniendo un compromiso de actualizaci\u00f3n constante para ofrecer siempre las soluciones m\u00e1s avanzadas.<\/p>\n\n\n\n<figure class=\"wp-block-gallery has-nested-images columns-default is-cropped wp-block-gallery-3 is-layout-flex wp-block-gallery-is-layout-flex\">\n<figure class=\"wp-block-image size-large\"><img loading=\"lazy\" decoding=\"async\" width=\"572\" height=\"1024\" data-id=\"9\" src=\"https:\/\/www.dolor.com.mx\/clinica-del-dolor-morelia\/wp-content\/uploads\/2026\/01\/1000180926-572x1024.jpg\" alt=\"\" class=\"wp-image-9\" srcset=\"https:\/\/www.dolor.com.mx\/clinica-del-dolor-morelia\/wp-content\/uploads\/2026\/01\/1000180926-572x1024.jpg 572w, https:\/\/www.dolor.com.mx\/clinica-del-dolor-morelia\/wp-content\/uploads\/2026\/01\/1000180926-167x300.jpg 167w, https:\/\/www.dolor.com.mx\/clinica-del-dolor-morelia\/wp-content\/uploads\/2026\/01\/1000180926-768x1376.jpg 768w, https:\/\/www.dolor.com.mx\/clinica-del-dolor-morelia\/wp-content\/uploads\/2026\/01\/1000180926-857x1536.jpg 857w, https:\/\/www.dolor.com.mx\/clinica-del-dolor-morelia\/wp-content\/uploads\/2026\/01\/1000180926.jpg 893w\" sizes=\"auto, (max-width: 572px) 100vw, 572px\" \/><\/figure>\n<\/figure>\n\n\n\n<p><\/p>\n\n\n\n<p><\/p>\n\n\n\n<p><\/p>\n\n\n\n<p><\/p>\n\n\n\n<p><\/p>\n\n\n\n<p><\/p>\n\n\n\n<p><\/p>\n\n\n\n<p><\/p>\n\n\n\n<p class=\"is-style-text-subtitle is-style-text-subtitle--4\">Cuento con una s\u00f3lida trayectoria acad\u00e9mica que incluye una <strong>Maestr\u00eda en Gesti\u00f3n de la Salud<\/strong> y formaci\u00f3n internacional especializada en <strong>Medicina Regenerativa e Intervencionismo<\/strong>. <\/p>\n\n\n\n<figure class=\"wp-block-image size-large\"><img loading=\"lazy\" decoding=\"async\" width=\"569\" height=\"724\" src=\"https:\/\/www.dolor.com.mx\/clinica-del-dolor-morelia\/wp-content\/uploads\/2026\/01\/1000174739.jpg\" alt=\"\" class=\"wp-image-10\" srcset=\"https:\/\/www.dolor.com.mx\/clinica-del-dolor-morelia\/wp-content\/uploads\/2026\/01\/1000174739.jpg 569w, https:\/\/www.dolor.com.mx\/clinica-del-dolor-morelia\/wp-content\/uploads\/2026\/01\/1000174739-236x300.jpg 236w\" sizes=\"auto, (max-width: 569px) 100vw, 569px\" \/><\/figure>\n\n\n\n<p class=\"is-style-text-subtitle is-style-text-subtitle--5\">Recientemente, mi labor cl\u00ednica y acad\u00e9mica fue distinguida a nivel nacional, siendo seleccionado entre m\u00e1s de 45 especialistas en dolor de M\u00e9xico para cursar el <strong>Fellowship Internacional en Dolor Cr\u00f3nico Avanzado<\/strong>.<\/p>\n\n\n\n<figure class=\"wp-block-image size-large\"><img loading=\"lazy\" decoding=\"async\" width=\"768\" height=\"1024\" src=\"https:\/\/www.dolor.com.mx\/clinica-del-dolor-morelia\/wp-content\/uploads\/2026\/03\/mejor-algologo-en-morelia-768x1024.jpeg\" alt=\"\" class=\"wp-image-153\" srcset=\"https:\/\/www.dolor.com.mx\/clinica-del-dolor-morelia\/wp-content\/uploads\/2026\/03\/mejor-algologo-en-morelia-768x1024.jpeg 768w, https:\/\/www.dolor.com.mx\/clinica-del-dolor-morelia\/wp-content\/uploads\/2026\/03\/mejor-algologo-en-morelia-225x300.jpeg 225w, https:\/\/www.dolor.com.mx\/clinica-del-dolor-morelia\/wp-content\/uploads\/2026\/03\/mejor-algologo-en-morelia.jpeg 960w\" sizes=\"auto, (max-width: 768px) 100vw, 768px\" \/><\/figure>\n\n\n\n<p class=\"is-style-text-subtitle is-style-text-subtitle--6\">Este reconocimiento respalda mi compromiso de ofrecer a mis pacientes en Morelia los tratamientos m\u00e1s vanguardistas y efectivos disponibles hoy en d\u00eda.\u200b<\/p>\n\n\n\n<figure class=\"wp-block-image size-large\"><img loading=\"lazy\" decoding=\"async\" width=\"576\" height=\"1024\" src=\"https:\/\/www.dolor.com.mx\/clinica-del-dolor-morelia\/wp-content\/uploads\/2026\/01\/1000185470-576x1024.jpg\" alt=\"\" class=\"wp-image-11\" srcset=\"https:\/\/www.dolor.com.mx\/clinica-del-dolor-morelia\/wp-content\/uploads\/2026\/01\/1000185470-576x1024.jpg 576w, https:\/\/www.dolor.com.mx\/clinica-del-dolor-morelia\/wp-content\/uploads\/2026\/01\/1000185470-169x300.jpg 169w, https:\/\/www.dolor.com.mx\/clinica-del-dolor-morelia\/wp-content\/uploads\/2026\/01\/1000185470.jpg 720w\" sizes=\"auto, (max-width: 576px) 100vw, 576px\" \/><\/figure>\n\n\n\n<p class=\"is-style-text-subtitle is-style-text-subtitle--7\">Formaci\u00f3n Acad\u00e9mica y Certificaciones<\/p>\n\n\n\n<p class=\"is-style-text-subtitle is-style-text-subtitle--8\"><br>M\u00e9dico General: Universidad Vasco de Quiroga (C\u00e9dula profesional: 13464729).<\/p>\n\n\n\n<p class=\"is-style-text-subtitle is-style-text-subtitle--9\"><br>Especialista en Anestesiolog\u00eda: Universidad Aut\u00f3noma de Yucat\u00e1n (C\u00e9dula profesional: 14220279).<\/p>\n\n\n\n<p class=\"is-style-text-subtitle is-style-text-subtitle--10\"><br>Subespecialista en Medicina del Dolor y Cuidados Paliativos: Universidad de Guadalajara (Matr\u00edcula: 224167591). Residencia realizada en el Instituto Jalisciense de Alivio al Dolor y Cuidados Paliativos.<\/p>\n\n\n\n<p class=\"is-style-text-subtitle is-style-text-subtitle--11\"><br>Maestr\u00eda en Gesti\u00f3n de la Salud: Universidad Virtual del Estado de Guanajuato (C\u00e9dula profesional: 15238865).<\/p>\n\n\n\n<p class=\"is-style-text-subtitle is-style-text-subtitle--12\"><br>Formaci\u00f3n Internacional: Actualmente por concluir el M\u00e1ster Internacional en Medicina del Dolor en la Universidad de Panam\u00e1.<\/p>\n\n\n\n<p class=\"is-style-text-subtitle is-style-text-subtitle--13\"><br>Formaci\u00f3n continua: Especialidad en Medicina Regenerativa Avanzada avalada por SEMDOR y SERMEF (Espa\u00f1a), con reconocimiento por la Universidad Tecnol\u00f3gica Atl\u00e1ntico Mediterr\u00e1neo<\/p>\n\n\n\n<figure class=\"wp-block-gallery has-nested-images columns-default is-cropped wp-block-gallery-14 is-layout-flex wp-block-gallery-is-layout-flex\">\n<figure class=\"wp-block-image size-large\"><img loading=\"lazy\" decoding=\"async\" width=\"768\" height=\"1024\" data-id=\"14\" src=\"https:\/\/www.dolor.com.mx\/clinica-del-dolor-morelia\/wp-content\/uploads\/2026\/01\/1000175872-768x1024.jpg\" alt=\"\" class=\"wp-image-14\" srcset=\"https:\/\/www.dolor.com.mx\/clinica-del-dolor-morelia\/wp-content\/uploads\/2026\/01\/1000175872-768x1024.jpg 768w, https:\/\/www.dolor.com.mx\/clinica-del-dolor-morelia\/wp-content\/uploads\/2026\/01\/1000175872-225x300.jpg 225w, https:\/\/www.dolor.com.mx\/clinica-del-dolor-morelia\/wp-content\/uploads\/2026\/01\/1000175872.jpg 960w\" sizes=\"auto, (max-width: 768px) 100vw, 768px\" \/><\/figure>\n\n\n\n<figure class=\"wp-block-image size-large\"><img loading=\"lazy\" decoding=\"async\" width=\"461\" height=\"1024\" data-id=\"12\" src=\"https:\/\/www.dolor.com.mx\/clinica-del-dolor-morelia\/wp-content\/uploads\/2026\/01\/1000186188-461x1024.jpg\" alt=\"\" class=\"wp-image-12\" srcset=\"https:\/\/www.dolor.com.mx\/clinica-del-dolor-morelia\/wp-content\/uploads\/2026\/01\/1000186188-461x1024.jpg 461w, https:\/\/www.dolor.com.mx\/clinica-del-dolor-morelia\/wp-content\/uploads\/2026\/01\/1000186188-135x300.jpg 135w, https:\/\/www.dolor.com.mx\/clinica-del-dolor-morelia\/wp-content\/uploads\/2026\/01\/1000186188-768x1707.jpg 768w, https:\/\/www.dolor.com.mx\/clinica-del-dolor-morelia\/wp-content\/uploads\/2026\/01\/1000186188-691x1536.jpg 691w, https:\/\/www.dolor.com.mx\/clinica-del-dolor-morelia\/wp-content\/uploads\/2026\/01\/1000186188-921x2048.jpg 921w, https:\/\/www.dolor.com.mx\/clinica-del-dolor-morelia\/wp-content\/uploads\/2026\/01\/1000186188-scaled.jpg 1152w\" sizes=\"auto, (max-width: 461px) 100vw, 461px\" \/><\/figure>\n<\/figure>\n\n\n\n<p class=\"is-style-text-subtitle is-style-text-subtitle--15\"><strong>\u00bfPor qu\u00e9 elegir mi consulta?<\/strong> Entiendo que, aunque el cuerpo puede enfermar, esto no debe ser una condena a una vida con dolor. En la cl\u00ednica en <strong>Morelia<\/strong>, combinamos la <strong>Medicina Regenerativa<\/strong> y el <strong>Intervencionismo guiado por imagen<\/strong> de vanguardia con un trato profundamente humano, enfocado en devolverte la libertad de movimiento..<\/p>\n\n\n\n<p class=\"is-style-text-subtitle is-style-text-subtitle--16\">No solo trato s\u00edntomas; acompa\u00f1o a seres humanos en su proceso de alivio.<\/p>\n<\/div>\n<\/div>\n\n\n\n<div class=\"wp-block-column is-layout-flow wp-block-column-is-layout-flow\" style=\"flex-basis:35%\">\n<div class=\"wp-block-group is-vertical is-content-justification-stretch is-nowrap is-layout-flex wp-container-core-group-is-layout-73b0033c wp-block-group-is-layout-flex\">\n<figure class=\"wp-block-image size-full\"><img loading=\"lazy\" decoding=\"async\" width=\"1024\" height=\"1024\" src=\"https:\/\/www.dolor.com.mx\/clinica-del-dolor-morelia\/wp-content\/uploads\/2026\/01\/1000184098.jpg\" alt=\"\" class=\"wp-image-13\" style=\"aspect-ratio:3\/4;object-fit:cover\" srcset=\"https:\/\/www.dolor.com.mx\/clinica-del-dolor-morelia\/wp-content\/uploads\/2026\/01\/1000184098.jpg 1024w, https:\/\/www.dolor.com.mx\/clinica-del-dolor-morelia\/wp-content\/uploads\/2026\/01\/1000184098-300x300.jpg 300w, https:\/\/www.dolor.com.mx\/clinica-del-dolor-morelia\/wp-content\/uploads\/2026\/01\/1000184098-150x150.jpg 150w, https:\/\/www.dolor.com.mx\/clinica-del-dolor-morelia\/wp-content\/uploads\/2026\/01\/1000184098-768x768.jpg 768w\" sizes=\"auto, (max-width: 1024px) 100vw, 1024px\" \/><\/figure>\n\n\n\n<p class=\"has-text-align-right has-x-large-font-size\" style=\"line-height:1.2\"><a href=\"#especialista.dolor\">Instagram<\/a><br><a href=\"#especialistadolor\">LinkedIn<\/a><\/p>\n\n\n\n<figure class=\"wp-block-gallery has-nested-images columns-default is-cropped wp-block-gallery-17 is-layout-flex wp-block-gallery-is-layout-flex\"><\/figure>\n<\/div>\n<\/div>\n<\/div>\n<\/div><\/div>\n\n\n\n<p>Contacto<\/p>\n\n\n\n<p>\ud83d\udccd Romano Picuti 118, Col. Chapultepec Oriente, Morelia\ud83d\udcf2 WhatsApp \/ Tel: 443 354 2447\ud83c\udf10 www.dolor.com.mx\ud83d\udce9 drjorge@dolor.com.mx<\/p>\n\n\n\n<!-- Bot\u00f3n flotante de WhatsApp -->\n<a\n  href=\"https:\/\/wa.me\/4437380281?text=Hola%20Dr.,%20vi%20su%20informaci%C3%B3n%20en%20su%20sitio%20web.%20Tengo%20dolor%20y%20quisiera%20saber%20si%20mi%20caso%20puede%20tratarse.%20Gracias.\"\n  class=\"whatsapp-float\"\n  target=\"_blank\"\n  rel=\"noopener noreferrer\"\n  aria-label=\"Contactar por WhatsApp\"\n>\n  <img decoding=\"async\"\n    src=\"https:\/\/cdn.jsdelivr.net\/gh\/simple-icons\/simple-icons\/icons\/whatsapp.svg\"\n    alt=\"WhatsApp\"\n  \/>\n<\/a>\n\n<style>\n.whatsapp-float {\n  position: fixed;\n  bottom: 20px;\n  left: 20px;\n  width: 68px;\n  height: 68px;\n  background-color: #25D366;\n  border-radius: 50%;\n  box-shadow: 0 4px 10px rgba(0,0,0,0.3);\n  display: flex;\n  align-items: center;\n  justify-content: center;\n  z-index: 9999;\n  transition: transform 0.2s ease, box-shadow 0.2s ease;\n}\n\n.whatsapp-float:hover {\n  transform: scale(1.08);\n  box-shadow: 0 6px 14px rgba(0,0,0,0.35);\n}\n\n.whatsapp-float img {\n  width: 44px;\n  height: 44px;\n  filter: invert(1);\n}\n<\/style>\n\n\n\n<a href=\"https:\/\/wa.me\/4437380281?text=Hola%20Dr.,%20vi%20su%20informaci%C3%B3n%20en%20su%20sitio%20web.%20Tengo%20dolor%20y%20quisiera%20saber%20si%20mi%20caso%20puede%20tratarse.%20Gracias.\" class=\"whatsapp-float\" target=\"_blank\" rel=\"noopener noreferrer\" aria-label=\"Contactar por WhatsApp\">\n  <svg width=\"38\" height=\"38\" fill=\"white\" viewBox=\"0 0 16 16\">\n    <path d=\"M13.601 2.326A7.854 7.854 0 0 0 7.994 0C3.627 0 .068 3.558.064 7.926c0 1.399.366 2.76 1.057 3.965L0 16l4.204-1.102a7.933 7.933 0 0 0 3.79.965h.004c4.368 0 7.926-3.558 7.93-7.93A7.898 7.898 0 0 0 13.6 2.326zM7.994 14.521a6.573 6.573 0 0 1-3.356-.92l-.24-.144-2.494.654.666-2.433-.156-.251a6.56 6.56 0 0 1-1.007-3.501c0-3.626 2.957-6.584 6.591-6.584a6.56 6.56 0 0 1 4.66 1.931 6.557 6.557 0 0 1 1.928 4.66c-.004 3.639-2.961 6.592-6.592 6.592zm3.615-4.934c-.197-.099-1.17-.578-1.353-.646-.182-.065-.315-.099-.445.099-.133.197-.513.646-.627.775-.114.133-.232.148-.43.05-.197-.1-.836-.308-1.592-.985-.59-.525-.985-1.175-1.103-1.372-.114-.198-.011-.304.088-.403.087-.088.197-.232.296-.346.1-.114.133-.198.198-.33.065-.134.034-.248-.015-.347-.05-.099-.445-1.076-.612-1.47-.16-.389-.323-.335-.445-.34-.114-.007-.247-.007-.38-.007a.729.729 0 0 0-.529.247c-.182.198-.691.677-.691 1.654 0 .977.71 1.916.81 2.049.098.133 1.394 2.132 3.383 2.992.47.205.84.326 1.129.418.475.152.904.129 1.246.08.38-.058 1.171-.48 1.338-.943.164-.464.164-.86.114-.943-.049-.084-.182-.133-.38-.232z\"\/>\n  <\/svg>\n<\/a>\n\n<style>\n  \/* ESTILOS DEL BOT\u00d3N DE WHATSAPP *\/\n  .whatsapp-float {\n    position: fixed !important;\n    bottom: 20px !important;\n    left: 20px !important;\n    width: 68px;\n    height: 68px;\n    background-color: #25D366;\n    border-radius: 50%;\n    box-shadow: 0 4px 10px rgba(0,0,0,0.3);\n    display: flex;\n    align-items: center;\n    justify-content: center;\n    z-index: 2147483647 !important;\n    transition: transform 0.2s;\n    text-decoration: none;\n  }\n  .whatsapp-float:hover {\n    transform: scale(1.1);\n  }\n\n  \/* ESTILOS DE REDES SOCIALES *\/\n  .social-wrapper {\n    display: flex;\n    justify-content: center;\n    align-items: center;\n    gap: 24px; \/* Menos espacio entre c\u00edrculos *\/\n    padding: 30px 0;\n    flex-wrap: wrap;\n  }\n\n  \/* C\u00edrculo contenedor (-20% adicional) -> Ahora 100px *\/\n  .social-link {\n    width: 100px;\n    height: 100px;\n    border-radius: 50%;\n    background: #ffffff;\n    display: flex;\n    align-items: center;\n    justify-content: center;\n    cursor: pointer;\n    box-shadow: 0 6px 14px rgba(0,0,0,0.15);\n    transition: all 0.3s ease;\n    text-decoration: none;\n    overflow: hidden;\n  }\n\n  \/* Tama\u00f1o del icono SVG interno (-20% adicional) -> Ahora 50px *\/\n  .social-link svg {\n    width: 50px;\n    height: 50px;\n    transition: fill 0.3s ease;\n  }\n\n  \/* --- DEFINICI\u00d3N DE COLORES --- *\/\n  .social-link.instagram svg { fill: #d6249f; }\n  .social-link.instagram:hover { background: radial-gradient(circle at 30% 107%, #fdf497 0%, #fdf497 5%, #fd5949 45%, #d6249f 60%, #285AEB 90%); transform: translateY(-5px); }\n  .social-link.instagram:hover svg { fill: #ffffff; }\n\n  .social-link.tiktok svg { fill: #000000; }\n  .social-link.tiktok:hover { background: #000000; transform: translateY(-5px); }\n  .social-link.tiktok:hover svg { fill: #ffffff; }\n\n  .social-link.facebook svg { fill: #1877F2; }\n  .social-link.facebook:hover { background: #1877F2; transform: translateY(-5px); }\n  .social-link.facebook:hover svg { fill: #ffffff; }\n\n  .social-link.youtube svg { fill: #FF0000; }\n  .social-link.youtube:hover { background: #FF0000; transform: translateY(-5px); }\n  .social-link.youtube:hover svg { fill: #ffffff; }\n\n  .social-link.linkedin svg { fill: #0A66C2; }\n  .social-link.linkedin:hover { background: #0A66C2; transform: translateY(-5px); }\n  .social-link.linkedin:hover svg { fill: #ffffff; }\n\n  \/* Adaptaci\u00f3n para celular (M\u00e1s peque\u00f1o tambi\u00e9n) *\/\n  @media (max-width: 480px) {\n    .social-wrapper { gap: 10px; }\n    \n    \/* Redes sociales en m\u00f3vil: 55px *\/\n    .social-link { width: 55px; height: 55px; } \n    .social-link svg { width: 26px; height: 26px; } \n    \n    \/* WhatsApp se mantiene igual en m\u00f3vil *\/\n    .whatsapp-float { width: 55px; height: 55px; bottom: 15px; left: 15px; }\n    .whatsapp-float svg { width: 30px; height: 30px; }\n  }\n<\/style>\n\n\n<div class=\"social-wrapper\">\n  \n  <a class=\"social-link instagram\" href=\"https:\/\/www.instagram.com\/especialista.dolor\" target=\"_blank\" aria-label=\"Instagram\">\n    <svg viewBox=\"0 0 16 16\" xmlns=\"http:\/\/www.w3.org\/2000\/svg\"><path d=\"M8 0C5.829 0 5.556.01 4.703.048 3.85.088 3.269.222 2.76.42a3.917 3.917 0 0 0-1.417.923A3.927 3.927 0 0 0 .42 2.76C.222 3.268.087 3.85.048 4.7.01 5.555 0 5.827 0 8.001c0 2.172.01 2.444.048 3.297.04.852.174 1.433.372 1.942.205.526.478.972.923 1.417.444.445.89.719 1.416.923.51.198 1.09.333 1.942.372C5.555 15.99 5.827 16 8 16s2.444-.01 3.298-.048c.851-.04 1.434-.174 1.943-.372a3.916 3.916 0 0 0 1.416-.923c.445-.445.718-.891.923-1.417.197-.509.332-1.09.372-1.942C15.99 10.445 16 10.173 16 8s-.01-2.445-.048-3.299c-.04-.851-.175-1.433-.372-1.941a3.926 3.926 0 0 0-.923-1.417A3.911 3.911 0 0 0 13.24.42c-.51-.198-1.092-.333-1.943-.372C10.443.01 10.172 0 7.998 0h.003zm-.717 1.442h.718c2.136 0 2.389.007 3.232.046.78.035 1.204.166 1.486.275.373.145.64.319.92.599.28.28.453.546.598.92.11.281.24.705.275 1.485.039.843.047 1.096.047 3.231s-.008 2.389-.047 3.232c-.035.78-.166 1.203-.275 1.485a2.47 2.47 0 0 1-.599.919c-.28.28-.546.453-.92.598-.28.11-.704.24-1.485.276-.843.038-1.096.047-3.232.047s-2.39-.009-3.233-.047c-.78-.036-1.203-.166-1.486-.276a2.478 2.478 0 0 1-.919-.598 2.48 2.48 0 0 1-.599-.919c-.11-.281-.24-.704-.275-1.485-.038-.843-.047-1.096-.047-3.232 0-2.136.009-2.388.047-3.231.036-.78.166-1.203.275-1.485.145-.374.319-.64.599-.92.28-.28.546-.453.92-.598.282-.11.705-.24 1.485-.276.738-.034 1.024-.044 2.515-.045v.002zm4.988 1.328a.96.96 0 1 0 0 1.92.96.96 0 0 0 0-1.92zm-4.27 1.122a4.109 4.109 0 1 0 0 8.217 4.109 4.109 0 0 0 0-8.217zm0 1.441a2.667 2.667 0 1 1 0 5.334 2.667 2.667 0 0 1 0-5.334z\"\/><\/svg>\n  <\/a>\n\n  <a class=\"social-link tiktok\" href=\"https:\/\/www.tiktok.com\/@especialista.dolor\" target=\"_blank\" aria-label=\"TikTok\">\n    <svg viewBox=\"0 0 16 16\" xmlns=\"http:\/\/www.w3.org\/2000\/svg\"><path d=\"M9 0h1.98c.144.715.54 1.617 1.235 2.512C12.895 3.389 13.797 4 15 4v2c-1.753 0-3.07-.814-4-1.829V11a5 5 0 1 1-5-5v2a3 3 0 1 0 3 3V0Z\"\/><\/svg>\n  <\/a>\n\n  <a class=\"social-link facebook\" href=\"https:\/\/www.facebook.com\/especialista.dolor\" target=\"_blank\" aria-label=\"Facebook\">\n    <svg viewBox=\"0 0 16 16\" xmlns=\"http:\/\/www.w3.org\/2000\/svg\"><path d=\"M16 8.049c0-4.446-3.582-8.05-8-8.05C3.58 0-.002 3.603-.002 8.05c0 4.017 2.926 7.347 6.75 7.951v-5.625h-2.03V8.05H6.75V6.275c0-2.017 1.195-3.131 3.022-3.131.876 0 1.791.157 1.791.157v1.98h-1.009c-.993 0-1.303.621-1.303 1.258v1.51h2.218l-.354 2.326H9.25V16c3.824-.604 6.75-3.934 6.75-7.951z\"\/><\/svg>\n  <\/a>\n\n  <a class=\"social-link youtube\" href=\"https:\/\/www.youtube.com\/@especialistadolor\" target=\"_blank\" aria-label=\"YouTube\">\n    <svg viewBox=\"0 0 16 16\" xmlns=\"http:\/\/www.w3.org\/2000\/svg\"><path d=\"M8.051 1.999h.089c.822.003 4.987.033 6.11.335a2.01 2.01 0 0 1 1.415 1.42c.101.38.172.883.22 1.402l.01.104.022.26.008.104c.065.914.073 1.77.074 1.957v.075c-.001.194-.01 1.108-.082 2.06l-.008.105-.009.104c-.05.572-.124 1.14-.235 1.558a2.007 2.007 0 0 1-1.415 1.42c-1.16.312-5.569.334-6.18.335h-.142c-.309 0-1.587-.006-2.927-.052l-.17-.006-.087-.004-.171-.007-.171-.007c-1.11-.049-2.167-.128-2.654-.26a2.007 2.007 0 0 1-1.415-1.419c-.111-.417-.185-.986-.235-1.558L.09 9.82l-.008-.104A31.4 31.4 0 0 1 0 7.68v-.123c.002-.215.01-.958.064-1.778l.007-.103.003-.052.008-.104.022-.26.01-.104c.048-.519.119-1.023.22-1.402a2.007 2.007 0 0 1 1.415-1.42c.487-.13 1.544-.21 2.654-.26l.17-.007.172-.006.086-.003.171-.007A99.788 99.788 0 0 1 7.858 2h.193zM6.4 5.209v4.818l4.157-2.408L6.4 5.209z\"\/><\/svg>\n  <\/a>\n\n  <a class=\"social-link linkedin\" href=\"https:\/\/www.linkedin.com\/in\/especialistadolor\" target=\"_blank\" aria-label=\"LinkedIn\">\n    <svg viewBox=\"0 0 16 16\" xmlns=\"http:\/\/www.w3.org\/2000\/svg\"><path d=\"M0 1.146C0 .513.526 0 1.175 0h13.65C15.474 0 16 .513 16 1.146v13.708c0 .633-.526 1.146-1.175 1.146H1.175C.526 16 0 15.487 0 14.854V1.146zm4.943 12.248V6.169H2.542v7.225h2.401zm-1.2-8.212c.837 0 1.358-.554 1.358-1.248-.015-.709-.52-1.248-1.342-1.248-.822 0-1.359.54-1.359 1.248 0 .694.521 1.248 1.327 1.248h.016zm4.908 8.212V9.359c0-.216.016-.432.08-.586.173-.431.568-.878 1.232-.878.869 0 1.216.662 1.216 1.634v3.865h2.401V9.25c0-2.22-1.184-3.252-2.764-3.252-1.274 0-1.845.7-2.165 1.193v.025h-.016a5.54 5.54 0 0 1 .016-.025V6.169h-2.4c.03.678 0 7.225 0 7.225h2.4z\"\/><\/svg>\n  <\/a>\n\n<\/div>\n","protected":false},"excerpt":{"rendered":"<p>Contacto \ud83d\udccd Romano Picuti 118, Col. Chapultepec Oriente, Morelia\ud83d\udcf2 WhatsApp \/ Tel: 443 354 2447\ud83c\udf10 www.dolor.com.mx\ud83d\udce9 drjorge@dolor.com.mx<\/p>\n","protected":false},"author":1,"featured_media":0,"parent":0,"menu_order":0,"comment_status":"closed","ping_status":"closed","template":"","meta":{"footnotes":""},"class_list":["post-6","page","type-page","status-publish","hentry"],"jetpack_sharing_enabled":true,"_links":{"self":[{"href":"https:\/\/www.dolor.com.mx\/clinica-del-dolor-morelia\/wp-json\/wp\/v2\/pages\/6","targetHints":{"allow":["GET"]}}],"collection":[{"href":"https:\/\/www.dolor.com.mx\/clinica-del-dolor-morelia\/wp-json\/wp\/v2\/pages"}],"about":[{"href":"https:\/\/www.dolor.com.mx\/clinica-del-dolor-morelia\/wp-json\/wp\/v2\/types\/page"}],"author":[{"embeddable":true,"href":"https:\/\/www.dolor.com.mx\/clinica-del-dolor-morelia\/wp-json\/wp\/v2\/users\/1"}],"replies":[{"embeddable":true,"href":"https:\/\/www.dolor.com.mx\/clinica-del-dolor-morelia\/wp-json\/wp\/v2\/comments?post=6"}],"version-history":[{"count":9,"href":"https:\/\/www.dolor.com.mx\/clinica-del-dolor-morelia\/wp-json\/wp\/v2\/pages\/6\/revisions"}],"predecessor-version":[{"id":154,"href":"https:\/\/www.dolor.com.mx\/clinica-del-dolor-morelia\/wp-json\/wp\/v2\/pages\/6\/revisions\/154"}],"wp:attachment":[{"href":"https:\/\/www.dolor.com.mx\/clinica-del-dolor-morelia\/wp-json\/wp\/v2\/media?parent=6"}],"curies":[{"name":"wp","href":"https:\/\/api.w.org\/{rel}","templated":true}]}}